{"id":33,"date":"2023-01-30T13:19:18","date_gmt":"2023-01-30T13:19:18","guid":{"rendered":"https:\/\/att.mit-hosting.dk\/?page_id=33"},"modified":"2023-02-03T14:11:11","modified_gmt":"2023-02-03T14:11:11","slug":"colibri-wp","status":"publish","type":"page","link":"https:\/\/att.mit-hosting.dk\/","title":{"rendered":"Front Page"},"content":{"rendered":"<div data-colibri-id=\"33-c1\" class=\"style-191 style-local-33-c1 position-relative\">\n  <!---->\n  <div data-colibri-component=\"section\" data-colibri-id=\"33-c2\" id=\"custom\" class=\"h-section h-section-global-spacing d-flex align-items-lg-center align-items-md-center align-items-center style-347 style-local-33-c2 position-relative\">\n    <!---->\n    <!---->\n    <div class=\"h-section-grid-container h-section-boxed-container\">\n      <!---->\n      <div data-colibri-id=\"33-c3\" class=\"h-row-container gutters-row-lg-0 gutters-row-md-0 gutters-row-0 gutters-row-v-lg-0 gutters-row-v-md-0 gutters-row-v-0 style-348 style-local-33-c3 position-relative\">\n        <!---->\n        <div class=\"h-row justify-content-lg-center justify-content-md-center justify-content-center align-items-lg-stretch align-items-md-stretch align-items-stretch gutters-col-lg-0 gutters-col-md-0 gutters-col-0 gutters-col-v-lg-0 gutters-col-v-md-0 gutters-col-v-0\">\n          <!---->\n          <div class=\"h-column h-column-container d-flex h-col-lg-auto h-col-md-auto h-col-auto style-349-outer style-local-33-c4-outer\">\n            <div data-colibri-id=\"33-c4\" class=\"d-flex h-flex-basis h-column__inner h-px-lg-0 h-px-md-0 h-px-0 v-inner-lg-0 v-inner-md-0 v-inner-0 style-349 style-local-33-c4 position-relative\">\n              <!---->\n              <!---->\n              <div class=\"w-100 h-y-container h-column__content h-column__v-align flex-basis-100 align-self-lg-start align-self-md-start align-self-start\">\n                <!---->\n                <div data-colibri-id=\"33-c5\" class=\"h-global-transition-all h-heading style-199 style-local-33-c5 position-relative h-element\">\n                  <!---->\n                  <div class=\"h-heading__outer style-199 style-local-33-c5\">\n                    <!---->\n                    <!---->\n                    <h2 class=\"\"><span style=\"font-weight: 400;\">Velkommen til<\/span> <span style=\"font-size: 150%; font-weight: 400; color: rgb(255, 22, 7);\">A<\/span><span style=\"font-weight: 400;\">ttend v\/Laila Laursen<\/span><\/h2>\n                  <\/div>\n                <\/div>\n              <\/div>\n            <\/div>\n          <\/div>\n        <\/div>\n      <\/div>\n      <div data-colibri-id=\"33-c6\" class=\"h-row-container gutters-row-lg-2 gutters-row-md-2 gutters-row-0 gutters-row-v-lg-2 gutters-row-v-md-2 gutters-row-v-2 style-350 style-local-33-c6 position-relative\">\n        <!---->\n        <div class=\"h-row justify-content-lg-center justify-content-md-center justify-content-center align-items-lg-stretch align-items-md-stretch align-items-stretch gutters-col-lg-2 gutters-col-md-2 gutters-col-0 gutters-col-v-lg-2 gutters-col-v-md-2 gutters-col-v-2\">\n          <!---->\n          <div class=\"h-column h-column-container d-flex h-col-lg-auto h-col-md-auto h-col-auto style-351-outer style-local-33-c7-outer\">\n            <div data-colibri-id=\"33-c7\" class=\"d-flex h-flex-basis h-column__inner h-px-lg-2 h-px-md-2 h-px-2 v-inner-lg-2 v-inner-md-2 v-inner-2 style-351 style-local-33-c7 position-relative\">\n              <!---->\n              <!---->\n              <div class=\"w-100 h-y-container h-column__content h-column__v-align flex-basis-100 align-self-lg-start align-self-md-start align-self-start\">\n                <!---->\n                <div data-colibri-id=\"33-c8\" class=\"h-lead h-text h-text-component style-200 style-local-33-c8 position-relative h-element\">\n                  <!---->\n                  <!---->\n                  <div class=\"\">\n                    <p><span style=\"font-weight: 400;\">Attend tilbyder salg, tilpasning og r\u00e5dgivning til Microsoft Dynamics C5 og det nye skud p\u00e5 stammen Uniconta.<\/span><\/p>\n                    <p><span style=\"font-weight: 400;\">Jeg har mange \u00e5rs erfaring i branchen, og kan med min dybdeg\u00e5ende viden om produkterne og mange forskellige brancher v\u00e6re jeres kompetente sparingspartner.<\/span><\/p>\n                    <p><span style=\"font-weight: 400;\">Jeg l\u00e6gger stor v\u00e6gt p\u00e5 at l\u00e6re jeres virksomhed at kende, hvilket skaber de bedste foruds\u00e6tninger for et optimalt samarbejde og en udbytterig ERP-l\u00f8sning.<\/span>\n                      <br>\n                    <\/p>\n                  <\/div>\n                <\/div>\n              <\/div>\n            <\/div>\n          <\/div>\n        <\/div>\n      <\/div>\n      <div data-colibri-id=\"33-c9\" class=\"h-row-container gutters-row-lg-0 gutters-row-md-0 gutters-row-0 gutters-row-v-lg-0 gutters-row-v-md-0 gutters-row-v-0 style-403 style-local-33-c9 position-relative\">\n        <!---->\n        <div class=\"h-row justify-content-lg-center justify-content-md-center justify-content-center align-items-lg-stretch align-items-md-stretch align-items-stretch gutters-col-lg-0 gutters-col-md-0 gutters-col-0 gutters-col-v-lg-0 gutters-col-v-md-0 gutters-col-v-0\">\n          <!---->\n          <div class=\"h-column h-column-container d-flex h-col-lg-auto h-col-md-auto h-col-auto style-404-outer style-local-33-c10-outer\">\n            <div data-colibri-id=\"33-c10\" class=\"d-flex h-flex-basis h-column__inner h-px-lg-1 h-px-md-1 h-px-1 v-inner-lg-1 v-inner-md-1 v-inner-1 style-404 style-local-33-c10 position-relative\">\n              <!---->\n              <!---->\n              <div class=\"w-100 h-y-container h-column__content h-column__v-align flex-basis-100 align-self-lg-start align-self-md-start align-self-start\">\n                <!---->\n                <div data-colibri-id=\"33-c11\" class=\"h-global-transition-all h-heading style-405 style-local-33-c11 position-relative h-element\">\n                  <!---->\n                  <div class=\"h-heading__outer style-405 style-local-33-c11\">\n                    <!---->\n                    <!---->\n                    <h3 class=\"\"><strong style=\"font-weight: 700;\">Med venlig hilsen<\/strong><\/h3>\n                  <\/div>\n                <\/div>\n              <\/div>\n            <\/div>\n          <\/div>\n        <\/div>\n      <\/div>\n      <div data-colibri-id=\"33-c12\" class=\"h-row-container gutters-row-lg-0 gutters-row-md-0 gutters-row-0 gutters-row-v-lg-0 gutters-row-v-md-0 gutters-row-v-0 style-392 style-local-33-c12 position-relative\">\n        <!---->\n        <div class=\"h-row justify-content-lg-start justify-content-md-start justify-content-start align-items-lg-stretch align-items-md-stretch align-items-stretch gutters-col-lg-0 gutters-col-md-0 gutters-col-0 gutters-col-v-lg-0 gutters-col-v-md-0 gutters-col-v-0\">\n          <!---->\n          <div class=\"h-column h-column-container d-flex h-col-lg-auto h-col-md-auto h-col-auto style-393-outer style-local-33-c13-outer\">\n            <div data-colibri-id=\"33-c13\" class=\"d-flex h-flex-basis h-column__inner h-ui-empty-state-container h-px-lg-0 h-px-md-0 h-px-0 v-inner-lg-0 v-inner-md-0 v-inner-0 style-393 style-local-33-c13 position-relative\">\n              <!---->\n              <!---->\n              <div class=\"w-100 h-y-container h-column__content h-column__v-align flex-basis-100\">\n                <!---->\n              <\/div>\n            <\/div>\n          <\/div>\n          <div class=\"h-column h-column-container d-flex h-col-lg-auto h-col-md-auto h-col-auto style-394-outer style-local-33-c14-outer\">\n            <div data-colibri-id=\"33-c14\" class=\"d-flex h-flex-basis h-column__inner h-px-lg-2 h-px-md-2 h-px-2 v-inner-lg-2 v-inner-md-2 v-inner-3 style-394 style-local-33-c14 position-relative\">\n              <!---->\n              <!---->\n              <div class=\"w-100 h-y-container h-column__content h-column__v-align flex-basis-100 align-self-lg-center align-self-md-center align-self-center\">\n                <!---->\n                <div data-colibri-id=\"33-c15\" class=\"h-global-transition-all h-heading style-395 style-local-33-c15 position-relative h-element\">\n                  <!---->\n                  <div class=\"h-heading__outer style-395 style-local-33-c15\">\n                    <!---->\n                    <!---->\n                    <h4 class=\"\">Laila Laursen<\/h4>\n                  <\/div>\n                <\/div>\n              <\/div>\n            <\/div>\n          <\/div>\n        <\/div>\n      <\/div>\n    <\/div>\n  <\/div>\n  <div data-colibri-component=\"section\" data-colibri-id=\"33-c20\" id=\"comp\" class=\"h-section h-section-global-spacing d-flex align-items-lg-center align-items-md-center align-items-center style-213 style-local-33-c20 position-relative\">\n    <!---->\n    <!---->\n    <div class=\"h-section-grid-container h-section-boxed-container\">\n      <!---->\n      <div data-colibri-id=\"33-c21\" class=\"h-row-container gutters-row-lg-0 gutters-row-md-0 gutters-row-2 gutters-row-v-lg-0 gutters-row-v-md-0 gutters-row-v-0 style-214 style-local-33-c21 position-relative\">\n        <!---->\n        <div class=\"h-row justify-content-lg-center justify-content-md-center justify-content-center align-items-lg-stretch align-items-md-stretch align-items-stretch gutters-col-lg-0 gutters-col-md-0 gutters-col-2 gutters-col-v-lg-0 gutters-col-v-md-0 gutters-col-v-0\">\n          <!---->\n          <div class=\"h-column h-column-container d-flex h-col-lg-4 h-col-md-6 h-col-12 style-215-outer style-local-33-c22-outer\">\n            <div data-colibri-id=\"33-c22\" class=\"d-flex h-flex-basis h-column__inner h-px-lg-0 h-px-md-0 h-px-0 v-inner-lg-0 v-inner-md-0 v-inner-0 style-215 style-local-33-c22 position-relative\">\n              <!---->\n              <!---->\n              <div class=\"w-100 h-y-container h-column__content h-column__v-align flex-basis-100 align-self-lg-start align-self-md-start align-self-start\">\n                <!---->\n                <div data-colibri-id=\"33-c23\" class=\"d-block style-216 style-local-33-c23 position-relative h-element\">\n                  <!---->\n                  <div class=\"h-image__frame-container-outer\">\n                    <div class=\"h-image__frame-container\">\n                      <!---->\n                      <!---->\n                      <img loading=\"lazy\" decoding=\"async\" width=\"250\" height=\"98\" src=\"https:\/\/att.mit-hosting.dk\/wp-content\/uploads\/2023\/01\/Uniconta-Partner-Logo.png\" class=\"wp-image-101 style-216-image style-local-33-c23-image\" alt=\"\" \/>\n                      <div class=\"h-image__frame h-hide-lg h-hide-md h-hide-sm style-216-frameImage style-local-33-c23-frameImage\"><\/div>\n                    <\/div>\n                  <\/div>\n                <\/div>\n              <\/div>\n            <\/div>\n          <\/div>\n          <div class=\"h-column h-column-container d-flex h-col-lg-4 h-col-md-6 h-col-12 style-215-outer style-local-33-c24-outer\">\n            <div data-colibri-id=\"33-c24\" class=\"d-flex h-flex-basis h-column__inner h-px-lg-0 h-px-md-0 h-px-0 v-inner-lg-0 v-inner-md-0 v-inner-0 style-215 style-local-33-c24 position-relative\">\n              <!---->\n              <!---->\n              <div class=\"w-100 h-y-container h-column__content h-column__v-align flex-basis-100 align-self-lg-start align-self-md-start align-self-start\">\n                <!---->\n                <div data-colibri-id=\"33-c25\" class=\"d-block style-216 style-local-33-c25 position-relative h-element\">\n                  <!---->\n                  <div class=\"h-image__frame-container-outer\">\n                    <div class=\"h-image__frame-container\">\n                      <!---->\n                      <!---->\n                      <img loading=\"lazy\" decoding=\"async\" width=\"313\" height=\"64\" src=\"https:\/\/att.mit-hosting.dk\/wp-content\/uploads\/2023\/01\/C5-logo.jpg\" class=\"wp-image-102 style-216-image style-local-33-c25-image\" alt=\"\" srcset=\"https:\/\/att.mit-hosting.dk\/wp-content\/uploads\/2023\/01\/C5-logo.jpg 313w, https:\/\/att.mit-hosting.dk\/wp-content\/uploads\/2023\/01\/C5-logo-300x61.jpg 300w\" sizes=\"auto, (max-width: 313px) 100vw, 313px\" \/>\n                      <div class=\"h-image__frame h-hide-lg h-hide-md h-hide-sm style-216-frameImage style-local-33-c25-frameImage\"><\/div>\n                    <\/div>\n                  <\/div>\n                <\/div>\n              <\/div>\n            <\/div>\n          <\/div>\n          <div class=\"h-column h-column-container d-flex h-col-lg-4 h-col-md-6 h-col-12 style-215-outer style-local-33-c26-outer\">\n            <div data-colibri-id=\"33-c26\" class=\"d-flex h-flex-basis h-column__inner h-px-lg-0 h-px-md-0 h-px-0 v-inner-lg-0 v-inner-md-0 v-inner-0 style-215 style-local-33-c26 position-relative\">\n              <!---->\n              <!---->\n              <div class=\"w-100 h-y-container h-column__content h-column__v-align flex-basis-100 align-self-lg-start align-self-md-start align-self-start\">\n                <!---->\n                <div data-colibri-id=\"33-c27\" class=\"d-block style-216 style-local-33-c27 position-relative h-element\">\n                  <!---->\n                  <div class=\"h-image__frame-container-outer\">\n                    <div class=\"h-image__frame-container\">\n                      <!---->\n                      <!---->\n                      <img loading=\"lazy\" decoding=\"async\" width=\"143\" height=\"70\" src=\"https:\/\/att.mit-hosting.dk\/wp-content\/uploads\/2023\/01\/MBSLogo.jpg\" class=\"wp-image-103 style-216-image style-local-33-c27-image\" alt=\"\" \/>\n                      <div class=\"h-image__frame h-hide-lg h-hide-md h-hide-sm style-216-frameImage style-local-33-c27-frameImage\"><\/div>\n                    <\/div>\n                  <\/div>\n                <\/div>\n              <\/div>\n            <\/div>\n          <\/div>\n        <\/div>\n      <\/div>\n    <\/div>\n  <\/div>\n<\/div>","protected":false},"excerpt":{"rendered":"<p>Velkommen til Attend v\/Laila Laursen Attend tilbyder salg, tilpasning og r\u00e5dgivning til Microsoft Dynamics C5 og det nye skud p\u00e5 stammen Uniconta. Jeg har mange \u00e5rs erfaring i branchen, og kan med min dybdeg\u00e5ende viden om produkterne og mange forskellige brancher v\u00e6re jeres kompetente sparingspartner. Jeg l\u00e6gger stor v\u00e6gt p\u00e5 at l\u00e6re jeres virksomhed at [&hellip;]<\/p>\n","protected":false},"author":1,"featured_media":0,"parent":0,"menu_order":0,"comment_status":"closed","ping_status":"closed","template":"page-templates\/homepage.php","meta":{"footnotes":""},"class_list":["post-33","page","type-page","status-publish","hentry"],"_links":{"self":[{"href":"https:\/\/att.mit-hosting.dk\/index.php?rest_route=\/wp\/v2\/pages\/33","targetHints":{"allow":["GET"]}}],"collection":[{"href":"https:\/\/att.mit-hosting.dk\/index.php?rest_route=\/wp\/v2\/pages"}],"about":[{"href":"https:\/\/att.mit-hosting.dk\/index.php?rest_route=\/wp\/v2\/types\/page"}],"author":[{"embeddable":true,"href":"https:\/\/att.mit-hosting.dk\/index.php?rest_route=\/wp\/v2\/users\/1"}],"replies":[{"embeddable":true,"href":"https:\/\/att.mit-hosting.dk\/index.php?rest_route=%2Fwp%2Fv2%2Fcomments&post=33"}],"version-history":[{"count":16,"href":"https:\/\/att.mit-hosting.dk\/index.php?rest_route=\/wp\/v2\/pages\/33\/revisions"}],"predecessor-version":[{"id":264,"href":"https:\/\/att.mit-hosting.dk\/index.php?rest_route=\/wp\/v2\/pages\/33\/revisions\/264"}],"wp:attachment":[{"href":"https:\/\/att.mit-hosting.dk\/index.php?rest_route=%2Fwp%2Fv2%2Fmedia&parent=33"}],"curies":[{"name":"wp","href":"https:\/\/api.w.org\/{rel}","templated":true}]}}